{"id":28,"date":"2023-08-16T06:46:19","date_gmt":"2023-08-16T06:46:19","guid":{"rendered":"http:\/\/curras.eu\/?page_id=28"},"modified":"2026-02-27T12:23:37","modified_gmt":"2026-02-27T12:23:37","slug":"info-es","status":"publish","type":"page","link":"http:\/\/curras.eu\/en\/info-es","title":{"rendered":"INFO ES"},"content":{"rendered":"<div data-elementor-type=\"wp-page\" data-elementor-id=\"28\" class=\"elementor elementor-28\" data-elementor-post-type=\"page\">\n\t\t\t\t\t\t<section class=\"elementor-section elementor-top-section elementor-element elementor-element-d269ec5 elementor-section-full_width elementor-section-height-default elementor-section-height-default wpr-particle-no wpr-jarallax-no wpr-parallax-no wpr-sticky-section-no\" data-id=\"d269ec5\" data-element_type=\"section\" data-e-type=\"section\">\n\t\t\t\t\t\t<div class=\"elementor-container elementor-column-gap-default\">\n\t\t\t\t\t<div class=\"elementor-column elementor-col-100 elementor-top-column elementor-element elementor-element-720b063\" data-id=\"720b063\" data-element_type=\"column\" data-e-type=\"column\">\n\t\t\t<div class=\"elementor-widget-wrap elementor-element-populated\">\n\t\t\t\t\t\t<div class=\"elementor-element elementor-element-fa1fc01 elementor-widget elementor-widget-image\" data-id=\"fa1fc01\" data-element_type=\"widget\" data-e-type=\"widget\" data-widget_type=\"image.default\">\n\t\t\t\t<div class=\"elementor-widget-container\">\n\t\t\t\t\t\t\t\t\t\t\t\t\t\t\t<img decoding=\"async\" src=\"http:\/\/curras.eu\/wp-content\/uploads\/elementor\/thumbs\/Curras-estudio-gijon-mayo2022-by-Special-Thanks-Studios-_2720-qazqi28ljlrrigahbz9dpck2vk2b8r2cpnxnr2oxz4.jpg\" title=\"Curras-estudio-gijon-mayo2022-by-Special-Thanks-Studios-_2720\" alt=\"Curras-estudio-gijon-mayo2022-by-Special-Thanks-Studios-_2720\" loading=\"lazy\" \/>\t\t\t\t\t\t\t\t\t\t\t\t\t\t\t<\/div>\n\t\t\t\t<\/div>\n\t\t\t\t\t<\/div>\n\t\t<\/div>\n\t\t\t\t\t<\/div>\n\t\t<\/section>\n\t\t\t\t<section class=\"elementor-section elementor-top-section elementor-element elementor-element-ca44d1d elementor-section-full_width elementor-section-height-default elementor-section-height-default wpr-particle-no wpr-jarallax-no wpr-parallax-no wpr-sticky-section-no\" data-id=\"ca44d1d\" data-element_type=\"section\" data-e-type=\"section\">\n\t\t\t\t\t\t<div class=\"elementor-container elementor-column-gap-default\">\n\t\t\t\t\t<div class=\"elementor-column elementor-col-50 elementor-top-column elementor-element elementor-element-e48d8b3\" data-id=\"e48d8b3\" data-element_type=\"column\" data-e-type=\"column\">\n\t\t\t<div class=\"elementor-widget-wrap elementor-element-populated\">\n\t\t\t\t\t\t<div class=\"elementor-element elementor-element-6b3bcda elementor-widget elementor-widget-heading\" data-id=\"6b3bcda\" data-element_type=\"widget\" data-e-type=\"widget\" data-widget_type=\"heading.default\">\n\t\t\t\t<div class=\"elementor-widget-container\">\n\t\t\t\t\t<h2 class=\"elementor-heading-title elementor-size-default\">SERVICES<\/h2>\t\t\t\t<\/div>\n\t\t\t\t<\/div>\n\t\t\t\t<div class=\"elementor-element elementor-element-220d82f elementor-widget elementor-widget-text-editor\" data-id=\"220d82f\" data-element_type=\"widget\" data-e-type=\"widget\" data-widget_type=\"text-editor.default\">\n\t\t\t\t<div class=\"elementor-widget-container\">\n\t\t\t\t\t\t\t\t\t<p><span style=\"letter-spacing: 0.4px;\">ARCHITECTURE<\/span><br style=\"letter-spacing: 0.4px;\" \/><span style=\"letter-spacing: 0.4px;\">INTERIOR DESIGN<\/span><br style=\"letter-spacing: 0.4px;\" \/><span style=\"letter-spacing: 0.4px;\">CREATIVE DIRECTION \/ ART<\/span><br style=\"letter-spacing: 0.4px;\" \/><span style=\"letter-spacing: 0.4px;\">CONCEPT DEVELOPMENT<\/span><br style=\"letter-spacing: 0.4px;\" \/><span style=\"letter-spacing: 0.4px;\">CREATIVE STRATEGY<\/span><br style=\"letter-spacing: 0.4px;\" \/><span style=\"letter-spacing: 0.4px;\">EVENTS<\/span><br style=\"letter-spacing: 0.4px;\" \/><span style=\"letter-spacing: 0.4px;\">EXHIBITION DESIGN \/ SETS<\/span><br style=\"letter-spacing: 0.4px;\" \/><span style=\"letter-spacing: 0.4px;\">FURNITURE \/ PRODUCT DESIGN<\/span><br style=\"letter-spacing: 0.4px;\" \/><span style=\"letter-spacing: 0.4px;\">INSTALLATIONS \/ SCENOGRAPHY<\/span><br style=\"letter-spacing: 0.4px;\" \/><span style=\"letter-spacing: 0.4px;\">EDITORIAL DESIGN<\/span><br style=\"letter-spacing: 0.4px;\" \/><span style=\"letter-spacing: 0.4px;\">BRAND IDENTITY<\/span><\/p>\t\t\t\t\t\t\t\t<\/div>\n\t\t\t\t<\/div>\n\t\t\t\t\t<\/div>\n\t\t<\/div>\n\t\t\t\t<div class=\"elementor-column elementor-col-50 elementor-top-column elementor-element elementor-element-0a7f625\" data-id=\"0a7f625\" data-element_type=\"column\" data-e-type=\"column\">\n\t\t\t<div class=\"elementor-widget-wrap elementor-element-populated\">\n\t\t\t\t\t\t<div class=\"elementor-element elementor-element-ea862fa elementor-widget elementor-widget-heading\" data-id=\"ea862fa\" data-element_type=\"widget\" data-e-type=\"widget\" data-widget_type=\"heading.default\">\n\t\t\t\t<div class=\"elementor-widget-container\">\n\t\t\t\t\t<h2 class=\"elementor-heading-title elementor-size-default\">STUDIO<\/h2>\t\t\t\t<\/div>\n\t\t\t\t<\/div>\n\t\t\t\t<div class=\"elementor-element elementor-element-8b4b0cd elementor-widget elementor-widget-text-editor\" data-id=\"8b4b0cd\" data-element_type=\"widget\" data-e-type=\"widget\" data-widget_type=\"text-editor.default\">\n\t\t\t\t<div class=\"elementor-widget-container\">\n\t\t\t\t\t\t\t\t\t<span style=\"letter-spacing: 0.4px;\">Since 1975, we have created inspiring and functional spaces of different scales that reflect the unique essence of each client, making them a partner in the creative process. The studio has grown and evolved over the decades, always maintaining a commitment to excellence and creativity in interior design and architecture; merging timeless aesthetics with innovative solutions, creating spaces that tell stories.\n\nWe have had the opportunity to work on a wide variety of projects: from residential homes or temporary installations to commercial and corporate spaces. We strive to deeply understand the needs and desires of our clients, guiding them through a collaborative design process that culminates in warm yet avant-garde environments.\n\nWe integrate sustainable practices into every phase of our projects. From the selection of materials to energy efficiency, we seek solutions that respect both the environment and the well-being of those who inhabit the spaces we design.\u00a0<\/span>\t\t\t\t\t\t\t\t<\/div>\n\t\t\t\t<\/div>\n\t\t\t\t\t<\/div>\n\t\t<\/div>\n\t\t\t\t\t<\/div>\n\t\t<\/section>\n\t\t\t\t<section class=\"elementor-section elementor-top-section elementor-element elementor-element-a839166 elementor-section-boxed elementor-section-height-default elementor-section-height-default wpr-particle-no wpr-jarallax-no wpr-parallax-no wpr-sticky-section-no\" data-id=\"a839166\" data-element_type=\"section\" data-e-type=\"section\">\n\t\t\t\t\t\t<div class=\"elementor-container elementor-column-gap-default\">\n\t\t\t\t\t<div class=\"elementor-column elementor-col-100 elementor-top-column elementor-element elementor-element-917a8c2\" data-id=\"917a8c2\" data-element_type=\"column\" data-e-type=\"column\">\n\t\t\t<div class=\"elementor-widget-wrap elementor-element-populated\">\n\t\t\t\t\t\t<div class=\"elementor-element elementor-element-9779068 elementor-widget elementor-widget-image\" data-id=\"9779068\" data-element_type=\"widget\" data-e-type=\"widget\" data-widget_type=\"image.default\">\n\t\t\t\t<div class=\"elementor-widget-container\">\n\t\t\t\t\t\t\t\t\t\t\t\t\t\t\t<img decoding=\"async\" width=\"300\" height=\"146\" src=\"http:\/\/curras.eu\/wp-content\/uploads\/2024\/09\/Logo-ImpulsaGijon-Futuro-300x146.png\" class=\"attachment-medium size-medium wp-image-3694\" alt=\"\" srcset=\"http:\/\/curras.eu\/wp-content\/uploads\/2024\/09\/Logo-ImpulsaGijon-Futuro-300x146.png 300w, http:\/\/curras.eu\/wp-content\/uploads\/2024\/09\/Logo-ImpulsaGijon-Futuro.png 615w\" sizes=\"(max-width: 300px) 100vw, 300px\" \/>\t\t\t\t\t\t\t\t\t\t\t\t\t\t\t<\/div>\n\t\t\t\t<\/div>\n\t\t\t\t\t<\/div>\n\t\t<\/div>\n\t\t\t\t\t<\/div>\n\t\t<\/section>\n\t\t\t\t<\/div>","protected":false},"excerpt":{"rendered":"<p>SERVICIOS ARQUITECTURADISE\u00d1O DE INTERIORESDIRECCI\u00d3N CREATIVA \/ ARTEDESARROLLO DE CONCEPTOESTRATEGIA CREATIVAEVENTOSDISE\u00d1O EXPOSITIVO \/ SETSDISE\u00d1O MOBILIARIO \/ PRODUCTOINSTALACIONES \/ ESCENOGRAF\u00cdADISE\u00d1O EDITORIALIDENTIDAD DE MARCA ESTUDIO Desde 1975, hemos creado espacios inspiradores y funcionales, de distintas escalas, que reflejan la esencia \u00fanica de cada cliente, convirti\u00e9ndose en socio del proceso creativo. El\u00a0estudio ha crecido y evolucionado a lo largo de las d\u00e9cadas, manteniendo siempre el compromiso con la excelencia y la creatividad en el dise\u00f1o de interiores y arquitectura; fusionando la est\u00e9tica atemporal con soluciones innovadoras, creando espacios que cuentan historias.\u00a0 Hemos tenido la oportunidad de trabajar en una gran variedad de proyectos: desde hogares residenciales, o instalaciones ef\u00edmeras, hasta espacios comerciales y corporativos. Nos esforzamos por comprender profundamente las necesidades y deseos de nuestros clientes, gui\u00e1ndolos a trav\u00e9s de un proceso de dise\u00f1o colaborativo que culmina en ambientes c\u00e1lidos pero vanguardistas. Integramos\u00a0pr\u00e1cticas sostenibles en cada fase de nuestros proyectos. Desde la selecci\u00f3n de materiales hasta la eficiencia energ\u00e9tica, buscamos soluciones que respeten tanto el medio ambiente como el bienestar de quienes habitan los espacios que dise\u00f1amos.\u00a0<\/p>","protected":false},"author":2,"featured_media":0,"parent":0,"menu_order":0,"comment_status":"closed","ping_status":"closed","template":"","meta":{"_acf_changed":false,"footnotes":""},"class_list":["post-28","page","type-page","status-publish","hentry"],"acf":[],"_links":{"self":[{"href":"http:\/\/curras.eu\/en\/wp-json\/wp\/v2\/pages\/28","targetHints":{"allow":["GET"]}}],"collection":[{"href":"http:\/\/curras.eu\/en\/wp-json\/wp\/v2\/pages"}],"about":[{"href":"http:\/\/curras.eu\/en\/wp-json\/wp\/v2\/types\/page"}],"author":[{"embeddable":true,"href":"http:\/\/curras.eu\/en\/wp-json\/wp\/v2\/users\/2"}],"replies":[{"embeddable":true,"href":"http:\/\/curras.eu\/en\/wp-json\/wp\/v2\/comments?post=28"}],"version-history":[{"count":95,"href":"http:\/\/curras.eu\/en\/wp-json\/wp\/v2\/pages\/28\/revisions"}],"predecessor-version":[{"id":4253,"href":"http:\/\/curras.eu\/en\/wp-json\/wp\/v2\/pages\/28\/revisions\/4253"}],"wp:attachment":[{"href":"http:\/\/curras.eu\/en\/wp-json\/wp\/v2\/media?parent=28"}],"curies":[{"name":"wp","href":"https:\/\/api.w.org\/{rel}","templated":true}]}}